{"id":5841,"date":"2019-11-10T08:33:40","date_gmt":"2019-11-10T07:33:40","guid":{"rendered":"https:\/\/stepink.fr\/?page_id=5841"},"modified":"2021-03-24T11:42:08","modified_gmt":"2021-03-24T10:42:08","slug":"pour-satisfaire-mes-clients","status":"publish","type":"page","link":"https:\/\/knowledge-management.stepink.fr\/fr\/pour-satisfaire-mes-clients\/","title":{"rendered":"Pour satisfaire mes clients"},"content":{"rendered":"[vc_row type=\u00a0\u00bbin_container\u00a0\u00bb full_screen_row_position=\u00a0\u00bbmiddle\u00a0\u00bb column_margin=\u00a0\u00bbdefault\u00a0\u00bb scene_position=\u00a0\u00bbcenter\u00a0\u00bb text_color=\u00a0\u00bbdark\u00a0\u00bb text_align=\u00a0\u00bbleft\u00a0\u00bb top_padding=\u00a0\u00bb50&Prime; bottom_padding=\u00a0\u00bb50&Prime; overlay_strength=\u00a0\u00bb0.3&Prime; shape_divider_position=\u00a0\u00bbbottom\u00a0\u00bb bg_image_animation=\u00a0\u00bbnone\u00a0\u00bb shape_type=\u00a0\u00bb\u00a0\u00bb][vc_column column_padding=\u00a0\u00bbno-extra-padding\u00a0\u00bb column_padding_position=\u00a0\u00bball\u00a0\u00bb background_color_opacity=\u00a0\u00bb1&Prime; background_hover_color_opacity=\u00a0\u00bb1&Prime; column_link_target=\u00a0\u00bb_self\u00a0\u00bb column_shadow=\u00a0\u00bbnone\u00a0\u00bb column_border_radius=\u00a0\u00bbnone\u00a0\u00bb width=\u00a0\u00bb1\/1&Prime; tablet_width_inherit=\u00a0\u00bbdefault\u00a0\u00bb tablet_text_alignment=\u00a0\u00bbdefault\u00a0\u00bb phone_text_alignment=\u00a0\u00bbdefault\u00a0\u00bb overlay_strength=\u00a0\u00bb0.3&Prime; column_border_width=\u00a0\u00bbnone\u00a0\u00bb column_border_style=\u00a0\u00bbsolid\u00a0\u00bb bg_image_animation=\u00a0\u00bbnone\u00a0\u00bb el_id=\u00a0\u00bbsidebar-boutons\u00a0\u00bb][vc_column_text]\n<h3><strong>Je r\u00e9ponds vite et bien \u00e0 leurs attentes<\/strong><\/h3>\n<p>En utilisant l\u2019exp\u00e9rience disponible de l\u2019entreprise, en r\u00e9pondant avec confiance \u00e0 mes clients, en les satisfaisant et en les rendant haureux.<\/p>\n<p><strong>\u00a0<\/strong><\/p>\n<h3><strong>\u00a0Rendre autonome mes clients<\/strong><\/h3>\n<ul>\n<li>Ils trouvent ce dont ils ont besoin sans attendre<\/li>\n<li>Moins de demande de leur part et plus de temps pour l\u2019entreprise.<\/li>\n<li>Plus de temps pour l\u2019entreprise, plus d\u2019efficacit\u00e9 et donc, <strong>plus de business\u00a0!<\/strong><\/li>\n<\/ul>\n<p><strong>\u00a0<\/strong><\/p>\n<h3><strong>Rendre l\u2019entreprise proactive<\/strong><\/h3>\n<p>Je sais ce que mes clients veulent et j\u2019anticipe les r\u00e9ponses \u00e0 leur besoins afin de rendre plus ind\u00e9pendants.<\/p>\n<ul>\n<li>Vous comprenez ce qu\u2019ils cherchent<\/li>\n<li>Vous les guidez pour l\u2019utilisation de vos produits et services<\/li>\n<li>Vous analysez mieux leurs attentes et vous proposez les services et les produits qui correspondent \u00e0 leurs v\u00e9ritables besoins.<\/li>\n<\/ul>\n[\/vc_column_text][\/vc_column][\/vc_row]\n","protected":false},"excerpt":{"rendered":"<p>[vc_row type=\u00a0\u00bbin_container\u00a0\u00bb full_screen_row_position=\u00a0\u00bbmiddle\u00a0\u00bb column_margin=\u00a0\u00bbdefault\u00a0\u00bb scene_position=\u00a0\u00bbcenter\u00a0\u00bb text_color=\u00a0\u00bbdark\u00a0\u00bb text_align=\u00a0\u00bbleft\u00a0\u00bb top_padding=\u00a0\u00bb50&Prime; bottom_padding=\u00a0\u00bb50&Prime; overlay_strength=\u00a0\u00bb0.3&Prime; shape_divider_position=\u00a0\u00bbbottom\u00a0\u00bb bg_image_animation=\u00a0\u00bbnone\u00a0\u00bb shape_type=\u00a0\u00bb\u00a0\u00bb][vc_column column_padding=\u00a0\u00bbno-extra-padding\u00a0\u00bb column_padding_position=\u00a0\u00bball\u00a0\u00bb background_color_opacity=\u00a0\u00bb1&Prime; background_hover_color_opacity=\u00a0\u00bb1&Prime; column_link_target=\u00a0\u00bb_self\u00a0\u00bb column_shadow=\u00a0\u00bbnone\u00a0\u00bb column_border_radius=\u00a0\u00bbnone\u00a0\u00bb width=\u00a0\u00bb1\/1&Prime; tablet_width_inherit=\u00a0\u00bbdefault\u00a0\u00bb tablet_text_alignment=\u00a0\u00bbdefault\u00a0\u00bb phone_text_alignment=\u00a0\u00bbdefault\u00a0\u00bb overlay_strength=\u00a0\u00bb0.3&Prime;&#8230;<\/p>\n","protected":false},"author":2,"featured_media":0,"parent":0,"menu_order":0,"comment_status":"closed","ping_status":"closed","template":"","meta":{"_seopress_robots_primary_cat":"","_seopress_titles_title":"","_seopress_titles_desc":"","_seopress_robots_index":"","footnotes":""},"class_list":["post-5841","page","type-page","status-publish"],"yoast_head":"<!-- This site is optimized with the Yoast SEO plugin v23.8 - https:\/\/yoast.com\/wordpress\/plugins\/seo\/ -->\n<title>Pour satisfaire mes clients - Knowledge management<\/title>\n<meta name=\"robots\" content=\"index, follow, max-snippet:-1, max-image-preview:large, max-video-preview:-1\" \/>\n<link rel=\"canonical\" href=\"https:\/\/knowledge-management.stepink.fr\/fr\/pour-satisfaire-mes-clients\/\" \/>\n<meta property=\"og:locale\" content=\"fr_FR\" \/>\n<meta property=\"og:type\" content=\"article\" \/>\n<meta property=\"og:title\" content=\"Pour satisfaire mes clients - Knowledge management\" \/>\n<meta property=\"og:description\" content=\"[vc_row type=\u00a0\u00bbin_container\u00a0\u00bb full_screen_row_position=\u00a0\u00bbmiddle\u00a0\u00bb column_margin=\u00a0\u00bbdefault\u00a0\u00bb scene_position=\u00a0\u00bbcenter\u00a0\u00bb text_color=\u00a0\u00bbdark\u00a0\u00bb text_align=\u00a0\u00bbleft\u00a0\u00bb top_padding=\u00a0\u00bb50&Prime; bottom_padding=\u00a0\u00bb50&Prime; overlay_strength=\u00a0\u00bb0.3&Prime; shape_divider_position=\u00a0\u00bbbottom\u00a0\u00bb bg_image_animation=\u00a0\u00bbnone\u00a0\u00bb shape_type=\u00a0\u00bb\u00a0\u00bb][vc_column column_padding=\u00a0\u00bbno-extra-padding\u00a0\u00bb column_padding_position=\u00a0\u00bball\u00a0\u00bb background_color_opacity=\u00a0\u00bb1&Prime; background_hover_color_opacity=\u00a0\u00bb1&Prime; column_link_target=\u00a0\u00bb_self\u00a0\u00bb column_shadow=\u00a0\u00bbnone\u00a0\u00bb column_border_radius=\u00a0\u00bbnone\u00a0\u00bb width=\u00a0\u00bb1\/1&Prime; tablet_width_inherit=\u00a0\u00bbdefault\u00a0\u00bb tablet_text_alignment=\u00a0\u00bbdefault\u00a0\u00bb phone_text_alignment=\u00a0\u00bbdefault\u00a0\u00bb overlay_strength=\u00a0\u00bb0.3&Prime;...\" \/>\n<meta property=\"og:url\" content=\"https:\/\/knowledge-management.stepink.fr\/fr\/pour-satisfaire-mes-clients\/\" \/>\n<meta property=\"og:site_name\" content=\"Knowledge management\" \/>\n<meta property=\"article:modified_time\" content=\"2021-03-24T10:42:08+00:00\" \/>\n<meta name=\"twitter:card\" content=\"summary_large_image\" \/>\n<meta name=\"twitter:label1\" content=\"Dur\u00e9e de lecture estim\u00e9e\" \/>\n\t<meta name=\"twitter:data1\" content=\"1 minute\" \/>\n<script type=\"application\/ld+json\" class=\"yoast-schema-graph\">{\"@context\":\"https:\/\/schema.org\",\"@graph\":[{\"@type\":\"WebPage\",\"@id\":\"https:\/\/knowledge-management.stepink.fr\/fr\/pour-satisfaire-mes-clients\/\",\"url\":\"https:\/\/knowledge-management.stepink.fr\/fr\/pour-satisfaire-mes-clients\/\",\"name\":\"Pour satisfaire mes clients - Knowledge management\",\"isPartOf\":{\"@id\":\"https:\/\/knowledge-management.stepink.fr\/en\/#website\"},\"datePublished\":\"2019-11-10T07:33:40+00:00\",\"dateModified\":\"2021-03-24T10:42:08+00:00\",\"breadcrumb\":{\"@id\":\"https:\/\/knowledge-management.stepink.fr\/fr\/pour-satisfaire-mes-clients\/#breadcrumb\"},\"inLanguage\":\"fr-FR\",\"potentialAction\":[{\"@type\":\"ReadAction\",\"target\":[\"https:\/\/knowledge-management.stepink.fr\/fr\/pour-satisfaire-mes-clients\/\"]}]},{\"@type\":\"BreadcrumbList\",\"@id\":\"https:\/\/knowledge-management.stepink.fr\/fr\/pour-satisfaire-mes-clients\/#breadcrumb\",\"itemListElement\":[{\"@type\":\"ListItem\",\"position\":1,\"name\":\"Accueil\",\"item\":\"https:\/\/knowledge-management.stepink.fr\/en\/\"},{\"@type\":\"ListItem\",\"position\":2,\"name\":\"Pour satisfaire mes clients\"}]},{\"@type\":\"WebSite\",\"@id\":\"https:\/\/knowledge-management.stepink.fr\/en\/#website\",\"url\":\"https:\/\/knowledge-management.stepink.fr\/en\/\",\"name\":\"Knowledge management\",\"description\":\"Step In K\",\"potentialAction\":[{\"@type\":\"SearchAction\",\"target\":{\"@type\":\"EntryPoint\",\"urlTemplate\":\"https:\/\/knowledge-management.stepink.fr\/en\/?s={search_term_string}\"},\"query-input\":{\"@type\":\"PropertyValueSpecification\",\"valueRequired\":true,\"valueName\":\"search_term_string\"}}],\"inLanguage\":\"fr-FR\"}]}<\/script>\n<!-- \/ Yoast SEO plugin. -->","yoast_head_json":{"title":"Pour satisfaire mes clients - Knowledge management","robots":{"index":"index","follow":"follow","max-snippet":"max-snippet:-1","max-image-preview":"max-image-preview:large","max-video-preview":"max-video-preview:-1"},"canonical":"https:\/\/knowledge-management.stepink.fr\/fr\/pour-satisfaire-mes-clients\/","og_locale":"fr_FR","og_type":"article","og_title":"Pour satisfaire mes clients - Knowledge management","og_description":"[vc_row type=\u00a0\u00bbin_container\u00a0\u00bb full_screen_row_position=\u00a0\u00bbmiddle\u00a0\u00bb column_margin=\u00a0\u00bbdefault\u00a0\u00bb scene_position=\u00a0\u00bbcenter\u00a0\u00bb text_color=\u00a0\u00bbdark\u00a0\u00bb text_align=\u00a0\u00bbleft\u00a0\u00bb top_padding=\u00a0\u00bb50&Prime; bottom_padding=\u00a0\u00bb50&Prime; overlay_strength=\u00a0\u00bb0.3&Prime; shape_divider_position=\u00a0\u00bbbottom\u00a0\u00bb bg_image_animation=\u00a0\u00bbnone\u00a0\u00bb shape_type=\u00a0\u00bb\u00a0\u00bb][vc_column column_padding=\u00a0\u00bbno-extra-padding\u00a0\u00bb column_padding_position=\u00a0\u00bball\u00a0\u00bb background_color_opacity=\u00a0\u00bb1&Prime; background_hover_color_opacity=\u00a0\u00bb1&Prime; column_link_target=\u00a0\u00bb_self\u00a0\u00bb column_shadow=\u00a0\u00bbnone\u00a0\u00bb column_border_radius=\u00a0\u00bbnone\u00a0\u00bb width=\u00a0\u00bb1\/1&Prime; tablet_width_inherit=\u00a0\u00bbdefault\u00a0\u00bb tablet_text_alignment=\u00a0\u00bbdefault\u00a0\u00bb phone_text_alignment=\u00a0\u00bbdefault\u00a0\u00bb overlay_strength=\u00a0\u00bb0.3&Prime;...","og_url":"https:\/\/knowledge-management.stepink.fr\/fr\/pour-satisfaire-mes-clients\/","og_site_name":"Knowledge management","article_modified_time":"2021-03-24T10:42:08+00:00","twitter_card":"summary_large_image","twitter_misc":{"Dur\u00e9e de lecture estim\u00e9e":"1 minute"},"schema":{"@context":"https:\/\/schema.org","@graph":[{"@type":"WebPage","@id":"https:\/\/knowledge-management.stepink.fr\/fr\/pour-satisfaire-mes-clients\/","url":"https:\/\/knowledge-management.stepink.fr\/fr\/pour-satisfaire-mes-clients\/","name":"Pour satisfaire mes clients - Knowledge management","isPartOf":{"@id":"https:\/\/knowledge-management.stepink.fr\/en\/#website"},"datePublished":"2019-11-10T07:33:40+00:00","dateModified":"2021-03-24T10:42:08+00:00","breadcrumb":{"@id":"https:\/\/knowledge-management.stepink.fr\/fr\/pour-satisfaire-mes-clients\/#breadcrumb"},"inLanguage":"fr-FR","potentialAction":[{"@type":"ReadAction","target":["https:\/\/knowledge-management.stepink.fr\/fr\/pour-satisfaire-mes-clients\/"]}]},{"@type":"BreadcrumbList","@id":"https:\/\/knowledge-management.stepink.fr\/fr\/pour-satisfaire-mes-clients\/#breadcrumb","itemListElement":[{"@type":"ListItem","position":1,"name":"Accueil","item":"https:\/\/knowledge-management.stepink.fr\/en\/"},{"@type":"ListItem","position":2,"name":"Pour satisfaire mes clients"}]},{"@type":"WebSite","@id":"https:\/\/knowledge-management.stepink.fr\/en\/#website","url":"https:\/\/knowledge-management.stepink.fr\/en\/","name":"Knowledge management","description":"Step In K","potentialAction":[{"@type":"SearchAction","target":{"@type":"EntryPoint","urlTemplate":"https:\/\/knowledge-management.stepink.fr\/en\/?s={search_term_string}"},"query-input":{"@type":"PropertyValueSpecification","valueRequired":true,"valueName":"search_term_string"}}],"inLanguage":"fr-FR"}]}},"_links":{"self":[{"href":"https:\/\/knowledge-management.stepink.fr\/fr\/wp-json\/wp\/v2\/pages\/5841","targetHints":{"allow":["GET"]}}],"collection":[{"href":"https:\/\/knowledge-management.stepink.fr\/fr\/wp-json\/wp\/v2\/pages"}],"about":[{"href":"https:\/\/knowledge-management.stepink.fr\/fr\/wp-json\/wp\/v2\/types\/page"}],"author":[{"embeddable":true,"href":"https:\/\/knowledge-management.stepink.fr\/fr\/wp-json\/wp\/v2\/users\/2"}],"replies":[{"embeddable":true,"href":"https:\/\/knowledge-management.stepink.fr\/fr\/wp-json\/wp\/v2\/comments?post=5841"}],"version-history":[{"count":1,"href":"https:\/\/knowledge-management.stepink.fr\/fr\/wp-json\/wp\/v2\/pages\/5841\/revisions"}],"predecessor-version":[{"id":6209,"href":"https:\/\/knowledge-management.stepink.fr\/fr\/wp-json\/wp\/v2\/pages\/5841\/revisions\/6209"}],"wp:attachment":[{"href":"https:\/\/knowledge-management.stepink.fr\/fr\/wp-json\/wp\/v2\/media?parent=5841"}],"curies":[{"name":"wp","href":"https:\/\/api.w.org\/{rel}","templated":true}]}}