{"id":5839,"date":"2019-11-10T08:29:52","date_gmt":"2019-11-10T07:29:52","guid":{"rendered":"https:\/\/stepink.fr\/?page_id=5839"},"modified":"2021-03-24T11:41:37","modified_gmt":"2021-03-24T10:41:37","slug":"pour-optimiser-mes-couts-de-services","status":"publish","type":"page","link":"https:\/\/knowledge-management.stepink.fr\/fr\/pour-optimiser-mes-couts-de-services\/","title":{"rendered":"Pour optimiser mes co\u00fbts de services"},"content":{"rendered":"[vc_row type=\u00a0\u00bbin_container\u00a0\u00bb full_screen_row_position=\u00a0\u00bbmiddle\u00a0\u00bb column_margin=\u00a0\u00bbdefault\u00a0\u00bb scene_position=\u00a0\u00bbcenter\u00a0\u00bb text_color=\u00a0\u00bbdark\u00a0\u00bb text_align=\u00a0\u00bbleft\u00a0\u00bb top_padding=\u00a0\u00bb50&Prime; bottom_padding=\u00a0\u00bb50&Prime; overlay_strength=\u00a0\u00bb0.3&Prime; shape_divider_position=\u00a0\u00bbbottom\u00a0\u00bb bg_image_animation=\u00a0\u00bbnone\u00a0\u00bb shape_type=\u00a0\u00bb\u00a0\u00bb][vc_column column_padding=\u00a0\u00bbno-extra-padding\u00a0\u00bb column_padding_position=\u00a0\u00bball\u00a0\u00bb background_color_opacity=\u00a0\u00bb1&Prime; background_hover_color_opacity=\u00a0\u00bb1&Prime; column_link_target=\u00a0\u00bb_self\u00a0\u00bb column_shadow=\u00a0\u00bbnone\u00a0\u00bb column_border_radius=\u00a0\u00bbnone\u00a0\u00bb width=\u00a0\u00bb1\/1&Prime; tablet_width_inherit=\u00a0\u00bbdefault\u00a0\u00bb tablet_text_alignment=\u00a0\u00bbdefault\u00a0\u00bb phone_text_alignment=\u00a0\u00bbdefault\u00a0\u00bb overlay_strength=\u00a0\u00bb0.3&Prime; column_border_width=\u00a0\u00bbnone\u00a0\u00bb column_border_style=\u00a0\u00bbsolid\u00a0\u00bb bg_image_animation=\u00a0\u00bbnone\u00a0\u00bb el_id=\u00a0\u00bbsidebar-boutons\u00a0\u00bb][vc_column_text]\n<h3><strong>En capitalisant mon savoir faire<\/strong><\/h3>\n<ul>\n<li>Le contexte dans lequel l\u2019entreprise re\u00e7oit ou traite une information permet, ou non, de la transformer en \u00ab\u00a0Connaissance\u00a0\u00bb.<\/li>\n<li>Cette information devenant une connaissance est stock\u00e9e et devient utilisable par tous \u2026<\/li>\n<li>\u00ab\u00a0Vous rendez la connaissance tacite explicite en modifiant les m\u00e9thodes de travail\u00a0\u00bb<\/li>\n<\/ul>\n<p>&nbsp;<\/p>\n<h3><strong>En identifiant et en r\u00e9utilisant ce qui marche d\u00e9j\u00e0<\/strong><\/h3>\n<ul>\n<li>en capitalisant une base de connaissance et d\u2019exp\u00e9rience qui \u00e9volue avec l\u2019utilisation.<\/li>\n<li>En capturant de mani\u00e8re structur\u00e9e dans le but de retrouver et de r\u00e9utiliser la connaissance<\/li>\n<li>En ne pas r\u00e9inventant pas ou ne red\u00e9veloppant pas ce qui existe d\u00e9j\u00e0\u2026<\/li>\n<\/ul>\n<p><strong>\u00a0<\/strong><\/p>\n<h3><strong>En produisant mieux et plus vite <\/strong><\/h3>\n<ul>\n<li>R\u00e9utiliser la connaissance entraine plus de confiance et plus d\u2019efficacit\u00e9\u00a0: on va plus vite\u00a0!<\/li>\n<li>J\u2019obtiens des gains de productivit\u00e9 entre 20% et plus de 50% suppl\u00e9mentaire<\/li>\n<\/ul>\n[\/vc_column_text][\/vc_column][\/vc_row]\n","protected":false},"excerpt":{"rendered":"<p>[vc_row type=\u00a0\u00bbin_container\u00a0\u00bb full_screen_row_position=\u00a0\u00bbmiddle\u00a0\u00bb column_margin=\u00a0\u00bbdefault\u00a0\u00bb scene_position=\u00a0\u00bbcenter\u00a0\u00bb text_color=\u00a0\u00bbdark\u00a0\u00bb text_align=\u00a0\u00bbleft\u00a0\u00bb top_padding=\u00a0\u00bb50&Prime; bottom_padding=\u00a0\u00bb50&Prime; overlay_strength=\u00a0\u00bb0.3&Prime; shape_divider_position=\u00a0\u00bbbottom\u00a0\u00bb bg_image_animation=\u00a0\u00bbnone\u00a0\u00bb shape_type=\u00a0\u00bb\u00a0\u00bb][vc_column column_padding=\u00a0\u00bbno-extra-padding\u00a0\u00bb column_padding_position=\u00a0\u00bball\u00a0\u00bb background_color_opacity=\u00a0\u00bb1&Prime; background_hover_color_opacity=\u00a0\u00bb1&Prime; column_link_target=\u00a0\u00bb_self\u00a0\u00bb column_shadow=\u00a0\u00bbnone\u00a0\u00bb column_border_radius=\u00a0\u00bbnone\u00a0\u00bb width=\u00a0\u00bb1\/1&Prime; tablet_width_inherit=\u00a0\u00bbdefault\u00a0\u00bb tablet_text_alignment=\u00a0\u00bbdefault\u00a0\u00bb phone_text_alignment=\u00a0\u00bbdefault\u00a0\u00bb overlay_strength=\u00a0\u00bb0.3&Prime;&#8230;<\/p>\n","protected":false},"author":2,"featured_media":0,"parent":0,"menu_order":0,"comment_status":"closed","ping_status":"closed","template":"","meta":{"_seopress_robots_primary_cat":"","_seopress_titles_title":"","_seopress_titles_desc":"","_seopress_robots_index":"","footnotes":""},"class_list":["post-5839","page","type-page","status-publish"],"yoast_head":"<!-- This site is optimized with the Yoast SEO plugin v23.8 - https:\/\/yoast.com\/wordpress\/plugins\/seo\/ -->\n<title>Pour optimiser mes co\u00fbts de services - Knowledge management<\/title>\n<meta name=\"robots\" content=\"index, follow, max-snippet:-1, max-image-preview:large, max-video-preview:-1\" \/>\n<link rel=\"canonical\" href=\"https:\/\/knowledge-management.stepink.fr\/fr\/pour-optimiser-mes-couts-de-services\/\" \/>\n<meta property=\"og:locale\" content=\"fr_FR\" \/>\n<meta property=\"og:type\" content=\"article\" \/>\n<meta property=\"og:title\" content=\"Pour optimiser mes co\u00fbts de services - Knowledge management\" \/>\n<meta property=\"og:description\" content=\"[vc_row type=\u00a0\u00bbin_container\u00a0\u00bb full_screen_row_position=\u00a0\u00bbmiddle\u00a0\u00bb column_margin=\u00a0\u00bbdefault\u00a0\u00bb scene_position=\u00a0\u00bbcenter\u00a0\u00bb text_color=\u00a0\u00bbdark\u00a0\u00bb text_align=\u00a0\u00bbleft\u00a0\u00bb top_padding=\u00a0\u00bb50&Prime; bottom_padding=\u00a0\u00bb50&Prime; overlay_strength=\u00a0\u00bb0.3&Prime; shape_divider_position=\u00a0\u00bbbottom\u00a0\u00bb bg_image_animation=\u00a0\u00bbnone\u00a0\u00bb shape_type=\u00a0\u00bb\u00a0\u00bb][vc_column column_padding=\u00a0\u00bbno-extra-padding\u00a0\u00bb column_padding_position=\u00a0\u00bball\u00a0\u00bb background_color_opacity=\u00a0\u00bb1&Prime; background_hover_color_opacity=\u00a0\u00bb1&Prime; column_link_target=\u00a0\u00bb_self\u00a0\u00bb column_shadow=\u00a0\u00bbnone\u00a0\u00bb column_border_radius=\u00a0\u00bbnone\u00a0\u00bb width=\u00a0\u00bb1\/1&Prime; tablet_width_inherit=\u00a0\u00bbdefault\u00a0\u00bb tablet_text_alignment=\u00a0\u00bbdefault\u00a0\u00bb phone_text_alignment=\u00a0\u00bbdefault\u00a0\u00bb overlay_strength=\u00a0\u00bb0.3&Prime;...\" \/>\n<meta property=\"og:url\" content=\"https:\/\/knowledge-management.stepink.fr\/fr\/pour-optimiser-mes-couts-de-services\/\" \/>\n<meta property=\"og:site_name\" content=\"Knowledge management\" \/>\n<meta property=\"article:modified_time\" content=\"2021-03-24T10:41:37+00:00\" \/>\n<meta name=\"twitter:card\" content=\"summary_large_image\" \/>\n<meta name=\"twitter:label1\" content=\"Dur\u00e9e de lecture estim\u00e9e\" \/>\n\t<meta name=\"twitter:data1\" content=\"1 minute\" \/>\n<script type=\"application\/ld+json\" class=\"yoast-schema-graph\">{\"@context\":\"https:\/\/schema.org\",\"@graph\":[{\"@type\":\"WebPage\",\"@id\":\"https:\/\/knowledge-management.stepink.fr\/fr\/pour-optimiser-mes-couts-de-services\/\",\"url\":\"https:\/\/knowledge-management.stepink.fr\/fr\/pour-optimiser-mes-couts-de-services\/\",\"name\":\"Pour optimiser mes co\u00fbts de services - Knowledge management\",\"isPartOf\":{\"@id\":\"https:\/\/knowledge-management.stepink.fr\/en\/#website\"},\"datePublished\":\"2019-11-10T07:29:52+00:00\",\"dateModified\":\"2021-03-24T10:41:37+00:00\",\"breadcrumb\":{\"@id\":\"https:\/\/knowledge-management.stepink.fr\/fr\/pour-optimiser-mes-couts-de-services\/#breadcrumb\"},\"inLanguage\":\"fr-FR\",\"potentialAction\":[{\"@type\":\"ReadAction\",\"target\":[\"https:\/\/knowledge-management.stepink.fr\/fr\/pour-optimiser-mes-couts-de-services\/\"]}]},{\"@type\":\"BreadcrumbList\",\"@id\":\"https:\/\/knowledge-management.stepink.fr\/fr\/pour-optimiser-mes-couts-de-services\/#breadcrumb\",\"itemListElement\":[{\"@type\":\"ListItem\",\"position\":1,\"name\":\"Accueil\",\"item\":\"https:\/\/knowledge-management.stepink.fr\/en\/\"},{\"@type\":\"ListItem\",\"position\":2,\"name\":\"Pour optimiser mes co\u00fbts de services\"}]},{\"@type\":\"WebSite\",\"@id\":\"https:\/\/knowledge-management.stepink.fr\/en\/#website\",\"url\":\"https:\/\/knowledge-management.stepink.fr\/en\/\",\"name\":\"Knowledge management\",\"description\":\"Step In K\",\"potentialAction\":[{\"@type\":\"SearchAction\",\"target\":{\"@type\":\"EntryPoint\",\"urlTemplate\":\"https:\/\/knowledge-management.stepink.fr\/en\/?s={search_term_string}\"},\"query-input\":{\"@type\":\"PropertyValueSpecification\",\"valueRequired\":true,\"valueName\":\"search_term_string\"}}],\"inLanguage\":\"fr-FR\"}]}<\/script>\n<!-- \/ Yoast SEO plugin. -->","yoast_head_json":{"title":"Pour optimiser mes co\u00fbts de services - Knowledge management","robots":{"index":"index","follow":"follow","max-snippet":"max-snippet:-1","max-image-preview":"max-image-preview:large","max-video-preview":"max-video-preview:-1"},"canonical":"https:\/\/knowledge-management.stepink.fr\/fr\/pour-optimiser-mes-couts-de-services\/","og_locale":"fr_FR","og_type":"article","og_title":"Pour optimiser mes co\u00fbts de services - Knowledge management","og_description":"[vc_row type=\u00a0\u00bbin_container\u00a0\u00bb full_screen_row_position=\u00a0\u00bbmiddle\u00a0\u00bb column_margin=\u00a0\u00bbdefault\u00a0\u00bb scene_position=\u00a0\u00bbcenter\u00a0\u00bb text_color=\u00a0\u00bbdark\u00a0\u00bb text_align=\u00a0\u00bbleft\u00a0\u00bb top_padding=\u00a0\u00bb50&Prime; bottom_padding=\u00a0\u00bb50&Prime; overlay_strength=\u00a0\u00bb0.3&Prime; shape_divider_position=\u00a0\u00bbbottom\u00a0\u00bb bg_image_animation=\u00a0\u00bbnone\u00a0\u00bb shape_type=\u00a0\u00bb\u00a0\u00bb][vc_column column_padding=\u00a0\u00bbno-extra-padding\u00a0\u00bb column_padding_position=\u00a0\u00bball\u00a0\u00bb background_color_opacity=\u00a0\u00bb1&Prime; background_hover_color_opacity=\u00a0\u00bb1&Prime; column_link_target=\u00a0\u00bb_self\u00a0\u00bb column_shadow=\u00a0\u00bbnone\u00a0\u00bb column_border_radius=\u00a0\u00bbnone\u00a0\u00bb width=\u00a0\u00bb1\/1&Prime; tablet_width_inherit=\u00a0\u00bbdefault\u00a0\u00bb tablet_text_alignment=\u00a0\u00bbdefault\u00a0\u00bb phone_text_alignment=\u00a0\u00bbdefault\u00a0\u00bb overlay_strength=\u00a0\u00bb0.3&Prime;...","og_url":"https:\/\/knowledge-management.stepink.fr\/fr\/pour-optimiser-mes-couts-de-services\/","og_site_name":"Knowledge management","article_modified_time":"2021-03-24T10:41:37+00:00","twitter_card":"summary_large_image","twitter_misc":{"Dur\u00e9e de lecture estim\u00e9e":"1 minute"},"schema":{"@context":"https:\/\/schema.org","@graph":[{"@type":"WebPage","@id":"https:\/\/knowledge-management.stepink.fr\/fr\/pour-optimiser-mes-couts-de-services\/","url":"https:\/\/knowledge-management.stepink.fr\/fr\/pour-optimiser-mes-couts-de-services\/","name":"Pour optimiser mes co\u00fbts de services - Knowledge management","isPartOf":{"@id":"https:\/\/knowledge-management.stepink.fr\/en\/#website"},"datePublished":"2019-11-10T07:29:52+00:00","dateModified":"2021-03-24T10:41:37+00:00","breadcrumb":{"@id":"https:\/\/knowledge-management.stepink.fr\/fr\/pour-optimiser-mes-couts-de-services\/#breadcrumb"},"inLanguage":"fr-FR","potentialAction":[{"@type":"ReadAction","target":["https:\/\/knowledge-management.stepink.fr\/fr\/pour-optimiser-mes-couts-de-services\/"]}]},{"@type":"BreadcrumbList","@id":"https:\/\/knowledge-management.stepink.fr\/fr\/pour-optimiser-mes-couts-de-services\/#breadcrumb","itemListElement":[{"@type":"ListItem","position":1,"name":"Accueil","item":"https:\/\/knowledge-management.stepink.fr\/en\/"},{"@type":"ListItem","position":2,"name":"Pour optimiser mes co\u00fbts de services"}]},{"@type":"WebSite","@id":"https:\/\/knowledge-management.stepink.fr\/en\/#website","url":"https:\/\/knowledge-management.stepink.fr\/en\/","name":"Knowledge management","description":"Step In K","potentialAction":[{"@type":"SearchAction","target":{"@type":"EntryPoint","urlTemplate":"https:\/\/knowledge-management.stepink.fr\/en\/?s={search_term_string}"},"query-input":{"@type":"PropertyValueSpecification","valueRequired":true,"valueName":"search_term_string"}}],"inLanguage":"fr-FR"}]}},"_links":{"self":[{"href":"https:\/\/knowledge-management.stepink.fr\/fr\/wp-json\/wp\/v2\/pages\/5839","targetHints":{"allow":["GET"]}}],"collection":[{"href":"https:\/\/knowledge-management.stepink.fr\/fr\/wp-json\/wp\/v2\/pages"}],"about":[{"href":"https:\/\/knowledge-management.stepink.fr\/fr\/wp-json\/wp\/v2\/types\/page"}],"author":[{"embeddable":true,"href":"https:\/\/knowledge-management.stepink.fr\/fr\/wp-json\/wp\/v2\/users\/2"}],"replies":[{"embeddable":true,"href":"https:\/\/knowledge-management.stepink.fr\/fr\/wp-json\/wp\/v2\/comments?post=5839"}],"version-history":[{"count":1,"href":"https:\/\/knowledge-management.stepink.fr\/fr\/wp-json\/wp\/v2\/pages\/5839\/revisions"}],"predecessor-version":[{"id":6207,"href":"https:\/\/knowledge-management.stepink.fr\/fr\/wp-json\/wp\/v2\/pages\/5839\/revisions\/6207"}],"wp:attachment":[{"href":"https:\/\/knowledge-management.stepink.fr\/fr\/wp-json\/wp\/v2\/media?parent=5839"}],"curies":[{"name":"wp","href":"https:\/\/api.w.org\/{rel}","templated":true}]}}