{"id":5834,"date":"2019-11-10T08:28:06","date_gmt":"2019-11-10T07:28:06","guid":{"rendered":"https:\/\/stepink.fr\/?page_id=5834"},"modified":"2021-03-24T11:41:50","modified_gmt":"2021-03-24T10:41:50","slug":"pour-affuter-mes-equipes","status":"publish","type":"page","link":"https:\/\/knowledge-management.stepink.fr\/fr\/pour-affuter-mes-equipes\/","title":{"rendered":"Pour affuter mes \u00e9quipes"},"content":{"rendered":"[vc_row type=\u00a0\u00bbin_container\u00a0\u00bb full_screen_row_position=\u00a0\u00bbmiddle\u00a0\u00bb column_margin=\u00a0\u00bbdefault\u00a0\u00bb scene_position=\u00a0\u00bbcenter\u00a0\u00bb text_color=\u00a0\u00bbdark\u00a0\u00bb text_align=\u00a0\u00bbleft\u00a0\u00bb top_padding=\u00a0\u00bb50&Prime; bottom_padding=\u00a0\u00bb50&Prime; overlay_strength=\u00a0\u00bb0.3&Prime; shape_divider_position=\u00a0\u00bbbottom\u00a0\u00bb bg_image_animation=\u00a0\u00bbnone\u00a0\u00bb shape_type=\u00a0\u00bb\u00a0\u00bb][vc_column column_padding=\u00a0\u00bbno-extra-padding\u00a0\u00bb column_padding_position=\u00a0\u00bball\u00a0\u00bb background_color_opacity=\u00a0\u00bb1&Prime; background_hover_color_opacity=\u00a0\u00bb1&Prime; column_link_target=\u00a0\u00bb_self\u00a0\u00bb column_shadow=\u00a0\u00bbnone\u00a0\u00bb column_border_radius=\u00a0\u00bbnone\u00a0\u00bb width=\u00a0\u00bb1\/1&Prime; tablet_width_inherit=\u00a0\u00bbdefault\u00a0\u00bb tablet_text_alignment=\u00a0\u00bbdefault\u00a0\u00bb phone_text_alignment=\u00a0\u00bbdefault\u00a0\u00bb overlay_strength=\u00a0\u00bb0.3&Prime; column_border_width=\u00a0\u00bbnone\u00a0\u00bb column_border_style=\u00a0\u00bbsolid\u00a0\u00bb bg_image_animation=\u00a0\u00bbnone\u00a0\u00bb el_id=\u00a0\u00bbsidebar-boutons\u00a0\u00bb][vc_column_text]\n<h2>Tous mes collaborateurs montent en comp\u00e9tence gr\u00e2ce \u00e0 l\u2019exp\u00e9rience capitalis\u00e9e<\/h2>\n<p><strong>\u00a0<\/strong><\/p>\n<h3>La connaissance ainsi capitalis\u00e9e est disponible pour l\u2019ensemble des collaborateurs et permet\u00a0:<\/h3>\n<ul>\n<li>une meilleure confiance en soi<\/li>\n<li>une prise d\u2019initiative individuelle et collective<\/li>\n<li>une forte diminution des risques d\u2019erreurs<\/li>\n<\/ul>\n<p><strong>\u00a0<\/strong><\/p>\n<h3><strong>La connaissance d\u00e9veloppe l\u2019agilit\u00e9 des acteurs de l\u2019entreprise<\/strong><\/h3>\n<ul>\n<li>Elle faciliter leur \u00e9volution<\/li>\n<li>Elle booste leur confiance, leur moral et leur engagement<\/li>\n<li>Elle augmenter leur loyaut\u00e9<\/li>\n<\/ul>\n<p><strong>\u00a0<\/strong><\/p>\n<h3><strong>Elle r\u00e9duit la r\u00e9sistance au changement <\/strong><\/h3>\n<p>La connaissance permet de cr\u00e9er l\u2019environnement et les conditions du progr\u00e8s\u00a0: tout le monde gagne\u00a0!<\/p>\n<ul>\n<li>Le changement est visible non seulement pour l\u2019entreprise, mais \u00e9galement pour les fournisseurs et les clients.<\/li>\n<li>Gr\u00e2ce \u00e0 la connaissance, je comprends et j\u2019assume pourquoi et pour qui ce changement\u00a0!<\/li>\n<li>L\u2019entreprise r\u00e9duit son turnover de 20% ou plus et augmente la satisfaction de ses employ\u00e9s de 30% au moins.<\/li>\n<\/ul>\n[\/vc_column_text][\/vc_column][\/vc_row]\n","protected":false},"excerpt":{"rendered":"<p>[vc_row type=\u00a0\u00bbin_container\u00a0\u00bb full_screen_row_position=\u00a0\u00bbmiddle\u00a0\u00bb column_margin=\u00a0\u00bbdefault\u00a0\u00bb scene_position=\u00a0\u00bbcenter\u00a0\u00bb text_color=\u00a0\u00bbdark\u00a0\u00bb text_align=\u00a0\u00bbleft\u00a0\u00bb top_padding=\u00a0\u00bb50&Prime; bottom_padding=\u00a0\u00bb50&Prime; overlay_strength=\u00a0\u00bb0.3&Prime; shape_divider_position=\u00a0\u00bbbottom\u00a0\u00bb bg_image_animation=\u00a0\u00bbnone\u00a0\u00bb shape_type=\u00a0\u00bb\u00a0\u00bb][vc_column column_padding=\u00a0\u00bbno-extra-padding\u00a0\u00bb column_padding_position=\u00a0\u00bball\u00a0\u00bb background_color_opacity=\u00a0\u00bb1&Prime; background_hover_color_opacity=\u00a0\u00bb1&Prime; column_link_target=\u00a0\u00bb_self\u00a0\u00bb column_shadow=\u00a0\u00bbnone\u00a0\u00bb column_border_radius=\u00a0\u00bbnone\u00a0\u00bb width=\u00a0\u00bb1\/1&Prime; tablet_width_inherit=\u00a0\u00bbdefault\u00a0\u00bb tablet_text_alignment=\u00a0\u00bbdefault\u00a0\u00bb phone_text_alignment=\u00a0\u00bbdefault\u00a0\u00bb overlay_strength=\u00a0\u00bb0.3&Prime;&#8230;<\/p>\n","protected":false},"author":2,"featured_media":0,"parent":0,"menu_order":0,"comment_status":"closed","ping_status":"closed","template":"","meta":{"_seopress_robots_primary_cat":"","_seopress_titles_title":"","_seopress_titles_desc":"","_seopress_robots_index":"","footnotes":""},"class_list":["post-5834","page","type-page","status-publish"],"yoast_head":"<!-- This site is optimized with the Yoast SEO plugin v23.8 - https:\/\/yoast.com\/wordpress\/plugins\/seo\/ -->\n<title>Pour affuter mes \u00e9quipes - Knowledge management<\/title>\n<meta name=\"robots\" content=\"index, follow, max-snippet:-1, max-image-preview:large, max-video-preview:-1\" \/>\n<link rel=\"canonical\" href=\"https:\/\/knowledge-management.stepink.fr\/fr\/pour-affuter-mes-equipes\/\" \/>\n<meta property=\"og:locale\" content=\"fr_FR\" \/>\n<meta property=\"og:type\" content=\"article\" \/>\n<meta property=\"og:title\" content=\"Pour affuter mes \u00e9quipes - Knowledge management\" \/>\n<meta property=\"og:description\" content=\"[vc_row type=\u00a0\u00bbin_container\u00a0\u00bb full_screen_row_position=\u00a0\u00bbmiddle\u00a0\u00bb column_margin=\u00a0\u00bbdefault\u00a0\u00bb scene_position=\u00a0\u00bbcenter\u00a0\u00bb text_color=\u00a0\u00bbdark\u00a0\u00bb text_align=\u00a0\u00bbleft\u00a0\u00bb top_padding=\u00a0\u00bb50&Prime; bottom_padding=\u00a0\u00bb50&Prime; overlay_strength=\u00a0\u00bb0.3&Prime; shape_divider_position=\u00a0\u00bbbottom\u00a0\u00bb bg_image_animation=\u00a0\u00bbnone\u00a0\u00bb shape_type=\u00a0\u00bb\u00a0\u00bb][vc_column column_padding=\u00a0\u00bbno-extra-padding\u00a0\u00bb column_padding_position=\u00a0\u00bball\u00a0\u00bb background_color_opacity=\u00a0\u00bb1&Prime; background_hover_color_opacity=\u00a0\u00bb1&Prime; column_link_target=\u00a0\u00bb_self\u00a0\u00bb column_shadow=\u00a0\u00bbnone\u00a0\u00bb column_border_radius=\u00a0\u00bbnone\u00a0\u00bb width=\u00a0\u00bb1\/1&Prime; tablet_width_inherit=\u00a0\u00bbdefault\u00a0\u00bb tablet_text_alignment=\u00a0\u00bbdefault\u00a0\u00bb phone_text_alignment=\u00a0\u00bbdefault\u00a0\u00bb overlay_strength=\u00a0\u00bb0.3&Prime;...\" \/>\n<meta property=\"og:url\" content=\"https:\/\/knowledge-management.stepink.fr\/fr\/pour-affuter-mes-equipes\/\" \/>\n<meta property=\"og:site_name\" content=\"Knowledge management\" \/>\n<meta property=\"article:modified_time\" content=\"2021-03-24T10:41:50+00:00\" \/>\n<meta name=\"twitter:card\" content=\"summary_large_image\" \/>\n<meta name=\"twitter:label1\" content=\"Dur\u00e9e de lecture estim\u00e9e\" \/>\n\t<meta name=\"twitter:data1\" content=\"1 minute\" \/>\n<script type=\"application\/ld+json\" class=\"yoast-schema-graph\">{\"@context\":\"https:\/\/schema.org\",\"@graph\":[{\"@type\":\"WebPage\",\"@id\":\"https:\/\/knowledge-management.stepink.fr\/fr\/pour-affuter-mes-equipes\/\",\"url\":\"https:\/\/knowledge-management.stepink.fr\/fr\/pour-affuter-mes-equipes\/\",\"name\":\"Pour affuter mes \u00e9quipes - Knowledge management\",\"isPartOf\":{\"@id\":\"https:\/\/knowledge-management.stepink.fr\/en\/#website\"},\"datePublished\":\"2019-11-10T07:28:06+00:00\",\"dateModified\":\"2021-03-24T10:41:50+00:00\",\"breadcrumb\":{\"@id\":\"https:\/\/knowledge-management.stepink.fr\/fr\/pour-affuter-mes-equipes\/#breadcrumb\"},\"inLanguage\":\"fr-FR\",\"potentialAction\":[{\"@type\":\"ReadAction\",\"target\":[\"https:\/\/knowledge-management.stepink.fr\/fr\/pour-affuter-mes-equipes\/\"]}]},{\"@type\":\"BreadcrumbList\",\"@id\":\"https:\/\/knowledge-management.stepink.fr\/fr\/pour-affuter-mes-equipes\/#breadcrumb\",\"itemListElement\":[{\"@type\":\"ListItem\",\"position\":1,\"name\":\"Accueil\",\"item\":\"https:\/\/knowledge-management.stepink.fr\/en\/\"},{\"@type\":\"ListItem\",\"position\":2,\"name\":\"Pour affuter mes \u00e9quipes\"}]},{\"@type\":\"WebSite\",\"@id\":\"https:\/\/knowledge-management.stepink.fr\/en\/#website\",\"url\":\"https:\/\/knowledge-management.stepink.fr\/en\/\",\"name\":\"Knowledge management\",\"description\":\"Step In K\",\"potentialAction\":[{\"@type\":\"SearchAction\",\"target\":{\"@type\":\"EntryPoint\",\"urlTemplate\":\"https:\/\/knowledge-management.stepink.fr\/en\/?s={search_term_string}\"},\"query-input\":{\"@type\":\"PropertyValueSpecification\",\"valueRequired\":true,\"valueName\":\"search_term_string\"}}],\"inLanguage\":\"fr-FR\"}]}<\/script>\n<!-- \/ Yoast SEO plugin. -->","yoast_head_json":{"title":"Pour affuter mes \u00e9quipes - Knowledge management","robots":{"index":"index","follow":"follow","max-snippet":"max-snippet:-1","max-image-preview":"max-image-preview:large","max-video-preview":"max-video-preview:-1"},"canonical":"https:\/\/knowledge-management.stepink.fr\/fr\/pour-affuter-mes-equipes\/","og_locale":"fr_FR","og_type":"article","og_title":"Pour affuter mes \u00e9quipes - Knowledge management","og_description":"[vc_row type=\u00a0\u00bbin_container\u00a0\u00bb full_screen_row_position=\u00a0\u00bbmiddle\u00a0\u00bb column_margin=\u00a0\u00bbdefault\u00a0\u00bb scene_position=\u00a0\u00bbcenter\u00a0\u00bb text_color=\u00a0\u00bbdark\u00a0\u00bb text_align=\u00a0\u00bbleft\u00a0\u00bb top_padding=\u00a0\u00bb50&Prime; bottom_padding=\u00a0\u00bb50&Prime; overlay_strength=\u00a0\u00bb0.3&Prime; shape_divider_position=\u00a0\u00bbbottom\u00a0\u00bb bg_image_animation=\u00a0\u00bbnone\u00a0\u00bb shape_type=\u00a0\u00bb\u00a0\u00bb][vc_column column_padding=\u00a0\u00bbno-extra-padding\u00a0\u00bb column_padding_position=\u00a0\u00bball\u00a0\u00bb background_color_opacity=\u00a0\u00bb1&Prime; background_hover_color_opacity=\u00a0\u00bb1&Prime; column_link_target=\u00a0\u00bb_self\u00a0\u00bb column_shadow=\u00a0\u00bbnone\u00a0\u00bb column_border_radius=\u00a0\u00bbnone\u00a0\u00bb width=\u00a0\u00bb1\/1&Prime; tablet_width_inherit=\u00a0\u00bbdefault\u00a0\u00bb tablet_text_alignment=\u00a0\u00bbdefault\u00a0\u00bb phone_text_alignment=\u00a0\u00bbdefault\u00a0\u00bb overlay_strength=\u00a0\u00bb0.3&Prime;...","og_url":"https:\/\/knowledge-management.stepink.fr\/fr\/pour-affuter-mes-equipes\/","og_site_name":"Knowledge management","article_modified_time":"2021-03-24T10:41:50+00:00","twitter_card":"summary_large_image","twitter_misc":{"Dur\u00e9e de lecture estim\u00e9e":"1 minute"},"schema":{"@context":"https:\/\/schema.org","@graph":[{"@type":"WebPage","@id":"https:\/\/knowledge-management.stepink.fr\/fr\/pour-affuter-mes-equipes\/","url":"https:\/\/knowledge-management.stepink.fr\/fr\/pour-affuter-mes-equipes\/","name":"Pour affuter mes \u00e9quipes - Knowledge management","isPartOf":{"@id":"https:\/\/knowledge-management.stepink.fr\/en\/#website"},"datePublished":"2019-11-10T07:28:06+00:00","dateModified":"2021-03-24T10:41:50+00:00","breadcrumb":{"@id":"https:\/\/knowledge-management.stepink.fr\/fr\/pour-affuter-mes-equipes\/#breadcrumb"},"inLanguage":"fr-FR","potentialAction":[{"@type":"ReadAction","target":["https:\/\/knowledge-management.stepink.fr\/fr\/pour-affuter-mes-equipes\/"]}]},{"@type":"BreadcrumbList","@id":"https:\/\/knowledge-management.stepink.fr\/fr\/pour-affuter-mes-equipes\/#breadcrumb","itemListElement":[{"@type":"ListItem","position":1,"name":"Accueil","item":"https:\/\/knowledge-management.stepink.fr\/en\/"},{"@type":"ListItem","position":2,"name":"Pour affuter mes \u00e9quipes"}]},{"@type":"WebSite","@id":"https:\/\/knowledge-management.stepink.fr\/en\/#website","url":"https:\/\/knowledge-management.stepink.fr\/en\/","name":"Knowledge management","description":"Step In K","potentialAction":[{"@type":"SearchAction","target":{"@type":"EntryPoint","urlTemplate":"https:\/\/knowledge-management.stepink.fr\/en\/?s={search_term_string}"},"query-input":{"@type":"PropertyValueSpecification","valueRequired":true,"valueName":"search_term_string"}}],"inLanguage":"fr-FR"}]}},"_links":{"self":[{"href":"https:\/\/knowledge-management.stepink.fr\/fr\/wp-json\/wp\/v2\/pages\/5834","targetHints":{"allow":["GET"]}}],"collection":[{"href":"https:\/\/knowledge-management.stepink.fr\/fr\/wp-json\/wp\/v2\/pages"}],"about":[{"href":"https:\/\/knowledge-management.stepink.fr\/fr\/wp-json\/wp\/v2\/types\/page"}],"author":[{"embeddable":true,"href":"https:\/\/knowledge-management.stepink.fr\/fr\/wp-json\/wp\/v2\/users\/2"}],"replies":[{"embeddable":true,"href":"https:\/\/knowledge-management.stepink.fr\/fr\/wp-json\/wp\/v2\/comments?post=5834"}],"version-history":[{"count":1,"href":"https:\/\/knowledge-management.stepink.fr\/fr\/wp-json\/wp\/v2\/pages\/5834\/revisions"}],"predecessor-version":[{"id":6208,"href":"https:\/\/knowledge-management.stepink.fr\/fr\/wp-json\/wp\/v2\/pages\/5834\/revisions\/6208"}],"wp:attachment":[{"href":"https:\/\/knowledge-management.stepink.fr\/fr\/wp-json\/wp\/v2\/media?parent=5834"}],"curies":[{"name":"wp","href":"https:\/\/api.w.org\/{rel}","templated":true}]}}