{"id":5809,"date":"2019-10-19T11:48:32","date_gmt":"2019-10-19T09:48:32","guid":{"rendered":"https:\/\/stepink.fr\/?page_id=5809"},"modified":"2019-10-19T11:48:32","modified_gmt":"2019-10-19T09:48:32","slug":"formations-accompagnements","status":"publish","type":"page","link":"https:\/\/knowledge-management.stepink.fr\/fr\/formations-accompagnements\/","title":{"rendered":"Formations &amp; Accompagnements"},"content":{"rendered":"[vc_row type=\u00a0\u00bbin_container\u00a0\u00bb full_screen_row_position=\u00a0\u00bbmiddle\u00a0\u00bb column_margin=\u00a0\u00bbdefault\u00a0\u00bb scene_position=\u00a0\u00bbcenter\u00a0\u00bb text_color=\u00a0\u00bbdark\u00a0\u00bb text_align=\u00a0\u00bbleft\u00a0\u00bb top_padding=\u00a0\u00bb50&Prime; overlay_strength=\u00a0\u00bb0.3&Prime; shape_divider_position=\u00a0\u00bbbottom\u00a0\u00bb bg_image_animation=\u00a0\u00bbnone\u00a0\u00bb full_width=\u00a0\u00bbstretch_row\u00a0\u00bb css=\u00a0\u00bb.vc_custom_1478688003605{margin-top: 0px !important;padding-top: 0px !important;background-color: #f9f9f9 !important;}\u00a0\u00bb el_class=\u00a0\u00bbentete-formations\u00a0\u00bb shape_type=\u00a0\u00bb\u00a0\u00bb][vc_column column_padding=\u00a0\u00bbno-extra-padding\u00a0\u00bb column_padding_position=\u00a0\u00bball\u00a0\u00bb background_color_opacity=\u00a0\u00bb1&Prime; background_hover_color_opacity=\u00a0\u00bb1&Prime; column_link_target=\u00a0\u00bb_self\u00a0\u00bb column_shadow=\u00a0\u00bbnone\u00a0\u00bb column_border_radius=\u00a0\u00bbnone\u00a0\u00bb width=\u00a0\u00bb1\/2&Prime; tablet_width_inherit=\u00a0\u00bbdefault\u00a0\u00bb tablet_text_alignment=\u00a0\u00bbdefault\u00a0\u00bb phone_text_alignment=\u00a0\u00bbdefault\u00a0\u00bb overlay_strength=\u00a0\u00bb0.3&Prime; column_border_width=\u00a0\u00bbnone\u00a0\u00bb column_border_style=\u00a0\u00bbsolid\u00a0\u00bb bg_image_animation=\u00a0\u00bbnone\u00a0\u00bb][vc_column_text]\n<h2>Les Formations KCS &#8211;\u00a0Knowledge Centered Services<\/h2>\n<h3>Le KCS V6 &#8211; Atelier de pratiques<\/h3>\n<ul>\n<li>En distanciel<\/li>\n<li>3 x 4 heures\n<ul>\n<li>Les pratiques du KCS<\/li>\n<li>Les r\u00f4les et responsabilit\u00e9s<\/li>\n<li>Le contenu<\/li>\n<li>Flux de travail<\/li>\n<li>Les mesures et indicateurs de performance<\/li>\n<li>Leadership et motivation<\/li>\n<li>Pratiques d&rsquo;adoption et feuille de route<\/li>\n<\/ul>\n<\/li>\n<\/ul>\n<h3>Introduction au KCS pour le leadership<\/h3>\n<ul>\n<li>Un atelier de 4 heures pour comprendre les enjeux du Knowledge Management dans l&rsquo;entreprise et comment y r\u00e9pondre<\/li>\n<li>En pr\u00e9sentiel ou \u00e0 distance<\/li>\n<\/ul>\n<h3>Les fondamentaux du KCS V6<\/h3>\n<ul>\n<li>La m\u00e9thodologie KCS expliqu\u00e9e pour les collaborateurs de l&rsquo;entreprise<\/li>\n<li>1 jour<\/li>\n<li>En pr\u00e9sentiel ou \u00e0 distance<\/li>\n<\/ul>\n<h3>Leadership et KCS V6<\/h3>\n<ul>\n<li>La m\u00e9thodologie KCS et les changements pour les leaders de l&rsquo;organisation<\/li>\n<li>1 jour avec pr\u00e9requis d&rsquo;avoir suivi les fondamentaux<\/li>\n<li>En pr\u00e9sentiel ou \u00e0 distance<\/li>\n<\/ul>\n[\/vc_column_text][vc_row_inner column_margin=\u00a0\u00bbdefault\u00a0\u00bb text_align=\u00a0\u00bbleft\u00a0\u00bb][vc_column_inner column_padding=\u00a0\u00bbpadding-2-percent\u00a0\u00bb column_padding_position=\u00a0\u00bbtop-bottom\u00a0\u00bb centered_text=\u00a0\u00bbtrue\u00a0\u00bb background_color_opacity=\u00a0\u00bb1&Prime; background_hover_color_opacity=\u00a0\u00bb1&Prime; column_shadow=\u00a0\u00bbnone\u00a0\u00bb column_border_radius=\u00a0\u00bbnone\u00a0\u00bb column_link_target=\u00a0\u00bb_self\u00a0\u00bb width=\u00a0\u00bb1\/1&Prime; tablet_width_inherit=\u00a0\u00bbdefault\u00a0\u00bb overlay_strength=\u00a0\u00bb0.3&Prime; column_border_width=\u00a0\u00bbnone\u00a0\u00bb column_border_style=\u00a0\u00bbsolid\u00a0\u00bb bg_image_animation=\u00a0\u00bbnone\u00a0\u00bb][nectar_btn size=\u00a0\u00bblarge\u00a0\u00bb button_style=\u00a0\u00bbsee-through\u00a0\u00bb button_color_2=\u00a0\u00bbAccent-Color\u00a0\u00bb icon_family=\u00a0\u00bbnone\u00a0\u00bb url=\u00a0\u00bbhttps:\/\/stepink.fr\/contact\/\u00a0\u00bb text=\u00a0\u00bb\u00c7a m\u2019int\u00e9resse !\u00a0\u00bb][\/vc_column_inner][\/vc_row_inner][vc_column_text][\/vc_column_text][\/vc_column][vc_column column_padding=\u00a0\u00bbno-extra-padding\u00a0\u00bb column_padding_position=\u00a0\u00bball\u00a0\u00bb background_color_opacity=\u00a0\u00bb1&Prime; background_hover_color_opacity=\u00a0\u00bb1&Prime; column_link_target=\u00a0\u00bb_self\u00a0\u00bb column_shadow=\u00a0\u00bbnone\u00a0\u00bb column_border_radius=\u00a0\u00bbnone\u00a0\u00bb width=\u00a0\u00bb1\/2&Prime; tablet_width_inherit=\u00a0\u00bbdefault\u00a0\u00bb tablet_text_alignment=\u00a0\u00bbdefault\u00a0\u00bb phone_text_alignment=\u00a0\u00bbdefault\u00a0\u00bb overlay_strength=\u00a0\u00bb0.3&Prime; column_border_width=\u00a0\u00bbnone\u00a0\u00bb column_border_style=\u00a0\u00bbsolid\u00a0\u00bb bg_image_animation=\u00a0\u00bbnone\u00a0\u00bb][vc_column_text]\n<h2>Les Accompagnements Knowledge Management<\/h2>\n<h3>Audits de syst\u00e8me de Knowledge Management en place<\/h3>\n<ul>\n<li>vous avez mis en place une m\u00e9thodogie de Knowledge Management mais vous n&rsquo;obtenez pas les r\u00e9sultats attendus ?<\/li>\n<li>Vous voulez savoir si vous avez des marges de progression dans vos pratiques de Knowledge Management<\/li>\n<\/ul>\n<h3>Mise en place du KCS<\/h3>\n<ul>\n<li>Vous voulez d\u00e9ployer la m\u00e9thodologie en vous appuyant sur de l&rsquo;expertise pour \u00e9viter les orni\u00e8res<\/li>\n<li>Vous voulez aller vite et bien et ne pas avoir \u00e0 recommencer<\/li>\n<\/ul>\n<h3>D\u00e9finition de la strat\u00e9gie Knowledge Management et Knowledge Services<\/h3>\n<ul>\n<li>Vous pr\u00e9sentez le besoin de capturer ce que vous savez dans votre organisation et vous voulez articuler les id\u00e9es clairement<\/li>\n<li>Vous voulez b\u00e9n\u00e9ficier de l&rsquo;exp\u00e9riences de ceux qui vous ont pr\u00e9c\u00e9d\u00e9<\/li>\n<\/ul>\n[\/vc_column_text][\/vc_column][\/vc_row][vc_row type=\u00a0\u00bbin_container\u00a0\u00bb full_screen_row_position=\u00a0\u00bbmiddle\u00a0\u00bb equal_height=\u00a0\u00bbyes\u00a0\u00bb content_placement=\u00a0\u00bbmiddle\u00a0\u00bb column_margin=\u00a0\u00bbdefault\u00a0\u00bb scene_position=\u00a0\u00bbcenter\u00a0\u00bb text_color=\u00a0\u00bbdark\u00a0\u00bb text_align=\u00a0\u00bbleft\u00a0\u00bb top_padding=\u00a0\u00bb50&Prime; bottom_padding=\u00a0\u00bb50&Prime; overlay_strength=\u00a0\u00bb0.3&Prime; shape_divider_position=\u00a0\u00bbbottom\u00a0\u00bb bg_image_animation=\u00a0\u00bbnone\u00a0\u00bb shape_type=\u00a0\u00bb\u00a0\u00bb][vc_column column_padding=\u00a0\u00bbno-extra-padding\u00a0\u00bb column_padding_position=\u00a0\u00bball\u00a0\u00bb background_color_opacity=\u00a0\u00bb1&Prime; background_hover_color_opacity=\u00a0\u00bb1&Prime; column_link_target=\u00a0\u00bb_self\u00a0\u00bb column_shadow=\u00a0\u00bbnone\u00a0\u00bb column_border_radius=\u00a0\u00bbnone\u00a0\u00bb width=\u00a0\u00bb1\/4&Prime; tablet_width_inherit=\u00a0\u00bbdefault\u00a0\u00bb tablet_text_alignment=\u00a0\u00bbdefault\u00a0\u00bb phone_text_alignment=\u00a0\u00bbdefault\u00a0\u00bb overlay_strength=\u00a0\u00bb0.3&Prime; column_border_width=\u00a0\u00bbnone\u00a0\u00bb column_border_style=\u00a0\u00bbsolid\u00a0\u00bb bg_image_animation=\u00a0\u00bbnone\u00a0\u00bb][image_with_animation image_url=\u00a0\u00bb5970&Prime; alignment=\u00a0\u00bbcenter\u00a0\u00bb animation=\u00a0\u00bbFade In\u00a0\u00bb hover_animation=\u00a0\u00bbnone\u00a0\u00bb border_radius=\u00a0\u00bbnone\u00a0\u00bb box_shadow=\u00a0\u00bbnone\u00a0\u00bb image_loading=\u00a0\u00bbdefault\u00a0\u00bb max_width=\u00a0\u00bb100%\u00a0\u00bb max_width_mobile=\u00a0\u00bbdefault\u00a0\u00bb][\/vc_column][vc_column column_padding=\u00a0\u00bbno-extra-padding\u00a0\u00bb column_padding_position=\u00a0\u00bball\u00a0\u00bb background_color_opacity=\u00a0\u00bb1&Prime; background_hover_color_opacity=\u00a0\u00bb1&Prime; column_link_target=\u00a0\u00bb_self\u00a0\u00bb column_shadow=\u00a0\u00bbnone\u00a0\u00bb column_border_radius=\u00a0\u00bbnone\u00a0\u00bb width=\u00a0\u00bb1\/2&Prime; tablet_width_inherit=\u00a0\u00bbdefault\u00a0\u00bb tablet_text_alignment=\u00a0\u00bbdefault\u00a0\u00bb phone_text_alignment=\u00a0\u00bbdefault\u00a0\u00bb overlay_strength=\u00a0\u00bb0.3&Prime; column_border_width=\u00a0\u00bbnone\u00a0\u00bb column_border_style=\u00a0\u00bbsolid\u00a0\u00bb bg_image_animation=\u00a0\u00bbnone\u00a0\u00bb][vc_column_text]\n<h3 style=\"text-align: center\" align=\"center\"><b>Partenaire du <a href=\"https:\/\/www.serviceinnovation.org\/\">Consortium for Service Innovation<\/a> et du <a href=\"https:\/\/www.thekcsacademy.net\/kcs-certified-trainers\/\">KCS<\/a><a href=\"https:\/\/www.thekcsacademy.net\/kcs-certified-trainers\/\"> Academy<\/a> en Europe\u00a0<\/b><\/h3>\n[\/vc_column_text][\/vc_column][vc_column column_padding=\u00a0\u00bbno-extra-padding\u00a0\u00bb column_padding_position=\u00a0\u00bball\u00a0\u00bb background_color_opacity=\u00a0\u00bb1&Prime; background_hover_color_opacity=\u00a0\u00bb1&Prime; column_link_target=\u00a0\u00bb_self\u00a0\u00bb column_shadow=\u00a0\u00bbnone\u00a0\u00bb column_border_radius=\u00a0\u00bbnone\u00a0\u00bb width=\u00a0\u00bb1\/4&Prime; tablet_width_inherit=\u00a0\u00bbdefault\u00a0\u00bb tablet_text_alignment=\u00a0\u00bbdefault\u00a0\u00bb phone_text_alignment=\u00a0\u00bbdefault\u00a0\u00bb overlay_strength=\u00a0\u00bb0.3&Prime; column_border_width=\u00a0\u00bbnone\u00a0\u00bb column_border_style=\u00a0\u00bbsolid\u00a0\u00bb bg_image_animation=\u00a0\u00bbnone\u00a0\u00bb][image_with_animation image_url=\u00a0\u00bb5969&Prime; alignment=\u00a0\u00bbcenter\u00a0\u00bb animation=\u00a0\u00bbFade In\u00a0\u00bb hover_animation=\u00a0\u00bbnone\u00a0\u00bb border_radius=\u00a0\u00bbnone\u00a0\u00bb box_shadow=\u00a0\u00bbnone\u00a0\u00bb image_loading=\u00a0\u00bbdefault\u00a0\u00bb max_width=\u00a0\u00bb100%\u00a0\u00bb max_width_mobile=\u00a0\u00bbdefault\u00a0\u00bb][\/vc_column][\/vc_row]\n","protected":false},"excerpt":{"rendered":"<p>[vc_row type=\u00a0\u00bbin_container\u00a0\u00bb full_screen_row_position=\u00a0\u00bbmiddle\u00a0\u00bb column_margin=\u00a0\u00bbdefault\u00a0\u00bb scene_position=\u00a0\u00bbcenter\u00a0\u00bb text_color=\u00a0\u00bbdark\u00a0\u00bb text_align=\u00a0\u00bbleft\u00a0\u00bb top_padding=\u00a0\u00bb50&Prime; overlay_strength=\u00a0\u00bb0.3&Prime; shape_divider_position=\u00a0\u00bbbottom\u00a0\u00bb bg_image_animation=\u00a0\u00bbnone\u00a0\u00bb full_width=\u00a0\u00bbstretch_row\u00a0\u00bb css=\u00a0\u00bb.vc_custom_1478688003605{margin-top: 0px !important;padding-top: 0px !important;background-color: #f9f9f9 !important;}\u00a0\u00bb el_class=\u00a0\u00bbentete-formations\u00a0\u00bb shape_type=\u00a0\u00bb\u00a0\u00bb][vc_column column_padding=\u00a0\u00bbno-extra-padding\u00a0\u00bb column_padding_position=\u00a0\u00bball\u00a0\u00bb background_color_opacity=\u00a0\u00bb1&Prime; background_hover_color_opacity=\u00a0\u00bb1&Prime;&#8230;<\/p>\n","protected":false},"author":2,"featured_media":0,"parent":0,"menu_order":0,"comment_status":"closed","ping_status":"closed","template":"","meta":{"_seopress_robots_primary_cat":"","_seopress_titles_title":"","_seopress_titles_desc":"Les Formations KCS -\u00a0Knowledge Centered Services : Introduction au KCS pour le leadership, Les fondamentaux du KCS V6,  La m\u00e9thodologie KCS expliqu\u00e9e pour les collaborateurs de l&#039;entreprise, Leadership et KCS V6, La m\u00e9thodologie KCS et les changements pour les leaders de l&#039;organisation\n","_seopress_robots_index":"","footnotes":""},"class_list":["post-5809","page","type-page","status-publish"],"yoast_head":"<!-- This site is optimized with the Yoast SEO plugin v23.8 - https:\/\/yoast.com\/wordpress\/plugins\/seo\/ -->\n<title>Formations &amp; Accompagnements - Knowledge management<\/title>\n<meta name=\"robots\" content=\"index, follow, max-snippet:-1, max-image-preview:large, max-video-preview:-1\" \/>\n<link rel=\"canonical\" href=\"https:\/\/knowledge-management.stepink.fr\/fr\/formations-accompagnements\/\" \/>\n<meta property=\"og:locale\" content=\"fr_FR\" \/>\n<meta property=\"og:type\" content=\"article\" \/>\n<meta property=\"og:title\" content=\"Formations &amp; Accompagnements - Knowledge management\" \/>\n<meta property=\"og:description\" content=\"[vc_row type=\u00a0\u00bbin_container\u00a0\u00bb full_screen_row_position=\u00a0\u00bbmiddle\u00a0\u00bb column_margin=\u00a0\u00bbdefault\u00a0\u00bb scene_position=\u00a0\u00bbcenter\u00a0\u00bb text_color=\u00a0\u00bbdark\u00a0\u00bb text_align=\u00a0\u00bbleft\u00a0\u00bb top_padding=\u00a0\u00bb50&Prime; overlay_strength=\u00a0\u00bb0.3&Prime; shape_divider_position=\u00a0\u00bbbottom\u00a0\u00bb bg_image_animation=\u00a0\u00bbnone\u00a0\u00bb full_width=\u00a0\u00bbstretch_row\u00a0\u00bb css=\u00a0\u00bb.vc_custom_1478688003605{margin-top: 0px !important;padding-top: 0px !important;background-color: #f9f9f9 !important;}\u00a0\u00bb el_class=\u00a0\u00bbentete-formations\u00a0\u00bb shape_type=\u00a0\u00bb\u00a0\u00bb][vc_column column_padding=\u00a0\u00bbno-extra-padding\u00a0\u00bb column_padding_position=\u00a0\u00bball\u00a0\u00bb background_color_opacity=\u00a0\u00bb1&Prime; background_hover_color_opacity=\u00a0\u00bb1&Prime;...\" \/>\n<meta property=\"og:url\" content=\"https:\/\/knowledge-management.stepink.fr\/fr\/formations-accompagnements\/\" \/>\n<meta property=\"og:site_name\" content=\"Knowledge management\" \/>\n<meta name=\"twitter:card\" content=\"summary_large_image\" \/>\n<meta name=\"twitter:label1\" content=\"Dur\u00e9e de lecture estim\u00e9e\" \/>\n\t<meta name=\"twitter:data1\" content=\"4 minutes\" \/>\n<script type=\"application\/ld+json\" class=\"yoast-schema-graph\">{\"@context\":\"https:\/\/schema.org\",\"@graph\":[{\"@type\":\"WebPage\",\"@id\":\"https:\/\/knowledge-management.stepink.fr\/fr\/formations-accompagnements\/\",\"url\":\"https:\/\/knowledge-management.stepink.fr\/fr\/formations-accompagnements\/\",\"name\":\"Formations &amp; Accompagnements - Knowledge management\",\"isPartOf\":{\"@id\":\"https:\/\/knowledge-management.stepink.fr\/en\/#website\"},\"datePublished\":\"2019-10-19T09:48:32+00:00\",\"dateModified\":\"2019-10-19T09:48:32+00:00\",\"breadcrumb\":{\"@id\":\"https:\/\/knowledge-management.stepink.fr\/fr\/formations-accompagnements\/#breadcrumb\"},\"inLanguage\":\"fr-FR\",\"potentialAction\":[{\"@type\":\"ReadAction\",\"target\":[\"https:\/\/knowledge-management.stepink.fr\/fr\/formations-accompagnements\/\"]}]},{\"@type\":\"BreadcrumbList\",\"@id\":\"https:\/\/knowledge-management.stepink.fr\/fr\/formations-accompagnements\/#breadcrumb\",\"itemListElement\":[{\"@type\":\"ListItem\",\"position\":1,\"name\":\"Accueil\",\"item\":\"https:\/\/knowledge-management.stepink.fr\/en\/\"},{\"@type\":\"ListItem\",\"position\":2,\"name\":\"Formations &amp; Accompagnements\"}]},{\"@type\":\"WebSite\",\"@id\":\"https:\/\/knowledge-management.stepink.fr\/en\/#website\",\"url\":\"https:\/\/knowledge-management.stepink.fr\/en\/\",\"name\":\"Knowledge management\",\"description\":\"Step In K\",\"potentialAction\":[{\"@type\":\"SearchAction\",\"target\":{\"@type\":\"EntryPoint\",\"urlTemplate\":\"https:\/\/knowledge-management.stepink.fr\/en\/?s={search_term_string}\"},\"query-input\":{\"@type\":\"PropertyValueSpecification\",\"valueRequired\":true,\"valueName\":\"search_term_string\"}}],\"inLanguage\":\"fr-FR\"}]}<\/script>\n<!-- \/ Yoast SEO plugin. -->","yoast_head_json":{"title":"Formations &amp; Accompagnements - Knowledge management","robots":{"index":"index","follow":"follow","max-snippet":"max-snippet:-1","max-image-preview":"max-image-preview:large","max-video-preview":"max-video-preview:-1"},"canonical":"https:\/\/knowledge-management.stepink.fr\/fr\/formations-accompagnements\/","og_locale":"fr_FR","og_type":"article","og_title":"Formations &amp; Accompagnements - Knowledge management","og_description":"[vc_row type=\u00a0\u00bbin_container\u00a0\u00bb full_screen_row_position=\u00a0\u00bbmiddle\u00a0\u00bb column_margin=\u00a0\u00bbdefault\u00a0\u00bb scene_position=\u00a0\u00bbcenter\u00a0\u00bb text_color=\u00a0\u00bbdark\u00a0\u00bb text_align=\u00a0\u00bbleft\u00a0\u00bb top_padding=\u00a0\u00bb50&Prime; overlay_strength=\u00a0\u00bb0.3&Prime; shape_divider_position=\u00a0\u00bbbottom\u00a0\u00bb bg_image_animation=\u00a0\u00bbnone\u00a0\u00bb full_width=\u00a0\u00bbstretch_row\u00a0\u00bb css=\u00a0\u00bb.vc_custom_1478688003605{margin-top: 0px !important;padding-top: 0px !important;background-color: #f9f9f9 !important;}\u00a0\u00bb el_class=\u00a0\u00bbentete-formations\u00a0\u00bb shape_type=\u00a0\u00bb\u00a0\u00bb][vc_column column_padding=\u00a0\u00bbno-extra-padding\u00a0\u00bb column_padding_position=\u00a0\u00bball\u00a0\u00bb background_color_opacity=\u00a0\u00bb1&Prime; background_hover_color_opacity=\u00a0\u00bb1&Prime;...","og_url":"https:\/\/knowledge-management.stepink.fr\/fr\/formations-accompagnements\/","og_site_name":"Knowledge management","twitter_card":"summary_large_image","twitter_misc":{"Dur\u00e9e de lecture estim\u00e9e":"4 minutes"},"schema":{"@context":"https:\/\/schema.org","@graph":[{"@type":"WebPage","@id":"https:\/\/knowledge-management.stepink.fr\/fr\/formations-accompagnements\/","url":"https:\/\/knowledge-management.stepink.fr\/fr\/formations-accompagnements\/","name":"Formations &amp; Accompagnements - Knowledge management","isPartOf":{"@id":"https:\/\/knowledge-management.stepink.fr\/en\/#website"},"datePublished":"2019-10-19T09:48:32+00:00","dateModified":"2019-10-19T09:48:32+00:00","breadcrumb":{"@id":"https:\/\/knowledge-management.stepink.fr\/fr\/formations-accompagnements\/#breadcrumb"},"inLanguage":"fr-FR","potentialAction":[{"@type":"ReadAction","target":["https:\/\/knowledge-management.stepink.fr\/fr\/formations-accompagnements\/"]}]},{"@type":"BreadcrumbList","@id":"https:\/\/knowledge-management.stepink.fr\/fr\/formations-accompagnements\/#breadcrumb","itemListElement":[{"@type":"ListItem","position":1,"name":"Accueil","item":"https:\/\/knowledge-management.stepink.fr\/en\/"},{"@type":"ListItem","position":2,"name":"Formations &amp; Accompagnements"}]},{"@type":"WebSite","@id":"https:\/\/knowledge-management.stepink.fr\/en\/#website","url":"https:\/\/knowledge-management.stepink.fr\/en\/","name":"Knowledge management","description":"Step In K","potentialAction":[{"@type":"SearchAction","target":{"@type":"EntryPoint","urlTemplate":"https:\/\/knowledge-management.stepink.fr\/en\/?s={search_term_string}"},"query-input":{"@type":"PropertyValueSpecification","valueRequired":true,"valueName":"search_term_string"}}],"inLanguage":"fr-FR"}]}},"_links":{"self":[{"href":"https:\/\/knowledge-management.stepink.fr\/fr\/wp-json\/wp\/v2\/pages\/5809","targetHints":{"allow":["GET"]}}],"collection":[{"href":"https:\/\/knowledge-management.stepink.fr\/fr\/wp-json\/wp\/v2\/pages"}],"about":[{"href":"https:\/\/knowledge-management.stepink.fr\/fr\/wp-json\/wp\/v2\/types\/page"}],"author":[{"embeddable":true,"href":"https:\/\/knowledge-management.stepink.fr\/fr\/wp-json\/wp\/v2\/users\/2"}],"replies":[{"embeddable":true,"href":"https:\/\/knowledge-management.stepink.fr\/fr\/wp-json\/wp\/v2\/comments?post=5809"}],"version-history":[{"count":0,"href":"https:\/\/knowledge-management.stepink.fr\/fr\/wp-json\/wp\/v2\/pages\/5809\/revisions"}],"wp:attachment":[{"href":"https:\/\/knowledge-management.stepink.fr\/fr\/wp-json\/wp\/v2\/media?parent=5809"}],"curies":[{"name":"wp","href":"https:\/\/api.w.org\/{rel}","templated":true}]}}